{"id":149,"date":"2022-04-05T15:06:12","date_gmt":"2022-04-05T15:06:12","guid":{"rendered":"https:\/\/mistral-beach.revolucionweb.es\/?page_id=149"},"modified":"2022-04-05T15:06:26","modified_gmt":"2022-04-05T15:06:26","slug":"aviso-legal","status":"publish","type":"page","link":"https:\/\/mistral-beach-marbella.com\/es\/aviso-legal\/","title":{"rendered":"Aviso legal"},"content":{"rendered":"\n<p><\/p>\n\n\n\n<h2 class=\"wp-block-heading\">Aviso legal<\/h2>\n\n\n\n<p><\/p>\n\n\n\n<p><strong>0. OBJETO<\/strong><\/p>\n\n\n\n<p>El presente aviso legal regula el uso y utilizaci\u00f3n del sitio web www.mistral-beach-marbella.com\/es , del que es titular CARLOMI S.C. (en adelante, MISTRAL BEACH).<br>La navegaci\u00f3n por el sitio web de MISTRAL BEACH le atribuye la condici\u00f3n de USUARIO del mismo y conlleva su aceptaci\u00f3n plena y sin reservas de todas y cada una de las condiciones publicadas en este aviso legal, advirtiendo de que dichas condiciones podr\u00e1n ser modificadas sin notificaci\u00f3n previa por parte de MISTRAL BEACH, en cuyo caso se proceder\u00e1 a su publicaci\u00f3n y aviso con la m\u00e1xima antelaci\u00f3n posible.<br>Por ello es recomendable leer atentamente su contenido en caso de desear acceder y hacer uso de la informaci\u00f3n y de los servicios ofrecidos desde este sitio web.<br>El usuario adem\u00e1s se obliga a hacer un uso correcto del sitio web de conformidad con las leyes, la buena fe, el orden p\u00fablico, los usos del tr\u00e1fico y el presente Aviso Legal, y responder\u00e1 frente a MISTRAL BEACH ofrente a terceros, de cualesquiera da\u00f1os y perjuicios que pudieran causarse como consecuencia delincumplimiento de dicha obligaci\u00f3n.<br>Cualquier utilizaci\u00f3n distinta a la autorizada est\u00e1 expresamente prohibida, pudiendo MISTRAL BEACH denegar o retirar el acceso y su uso en cualquier momento.<\/p>\n\n\n\n<p><strong>1.IDENTIFICACI\u00d3N<\/strong><\/p>\n\n\n\n<p>MISTRAL BEACH, en cumplimiento de la Ley 34\/2002, de 11 de julio, de Servicios de la Sociedad de la Informaci\u00f3n y de Comercio Electr\u00f3nico, le informa de que:<br>\u2022Su denominaci\u00f3n social es: CARLOMI S.C.<br>\u2022Su nombre comercial es: MISTRAL BEACH<br>\u2022Su CIF es: J29682549<br>\u2022Su domicilio social est\u00e1 en: C\/ Nuestra Se\u00f1ora de Gracia, 4 \u2013 2 29602 Marbella \u2013 M\u00e1laga<\/p>\n\n\n\n<p><strong>2.COMUNICACIONES<\/strong><\/p>\n\n\n\n<p>Para comunicarse con nosotros, ponemos a su disposici\u00f3n diferentes medios de<br>contacto que detallamos a continuaci\u00f3n:<br>\u2022Tfno.: +34952113284\u2022Email: dfpcristal@gmail.com\u2022Direcci\u00f3n postal: C\/ Nuestra Se\u00f1ora de Gracia, 4 \u2013 2 29602 Marbella \u2013 M\u00e1laga<br>Todas las notificaciones y comunicaciones entre los usuarios y MISTRAL BEACH se considerar\u00e1n eficaces, a todos los efectos, cuando se realicen a trav\u00e9s de cualquier medio de los detallados anteriormente.<\/p>\n\n\n\n<p><strong>3.CONDICIONES DE ACCESO Y UTILIZACI\u00d3N<\/strong><\/p>\n\n\n\n<p>El sitio web y sus servicios son de acceso libre y gratuito. No obstante, MISTRAL BEACH puede condicionar la utilizaci\u00f3n de algunos de los servicios ofrecidos en su web a la previa cumplimentaci\u00f3n del correspondiente formulario.<br>El usuario garantiza la autenticidad y actualidad de todos aquellos datos que comunique a MISTRAL BEACH y ser\u00e1 el \u00fanico responsable de las manifestaciones falsas o inexactas que realice.<br>El usuario se compromete expresamente a hacer un uso adecuado de los contenidos y servicios de MISTRAL BEACH y a no emplearlos para, entre otros:<br>a)Difundir contenidos, delictivos, violentos, pornogr\u00e1ficos, racistas, xen\u00f3fobos, ofensivos, deapolog\u00eda del terrorismo o, en general, contrarios a la ley o al orden p\u00fablico.<br>b)Introducir en la red virus inform\u00e1ticos o realizar actuaciones susceptibles de alterar, estropear,interrumpir o generar errores o da\u00f1os en los documentos electr\u00f3nicos, datos o sistemas f\u00edsicos yl\u00f3gicos de MISTRAL BEACH o de terceras personas; as\u00ed como obstaculizar el acceso de otros usuarios al sitio web y a sus servicios mediante el consumo masivo de los recursos inform\u00e1ticos a trav\u00e9s delos cuales MISTRAL BEACH presta sus servicios.<br>c)Intentar acceder a las cuentas de correo electr\u00f3nico de otros usuarios o a \u00e1reas restringidas delos sistemas inform\u00e1ticos de MISTRAL BEACH o de terceros y, en su caso, extraer informaci\u00f3n.<br>d)Vulnerar los derechos de propiedad intelectual o industrial, as\u00ed como violar la<br>confidencialidad de la informaci\u00f3n de MISTRAL BEACH o de terceros.<br>e)Suplantar la identidad de cualquier otro usuario.<br>f)Reproducir, copiar, distribuir, poner a disposici\u00f3n o de cualquier otra forma comunicarp\u00fablicamente, transformar o modificar los contenidos, a menos que se cuente con la autorizaci\u00f3ndel titular de los correspondientes derechos o ello resulte legalmente permitido.<br>g)Recabar datos con finalidad publicitaria y de remitir publicidad de cualquier clase y comunicaciones con fines de venta u otras de naturaleza comercial sin que medie su previa solicitud oconsentimiento.<br>Todos los contenidos del sitio web, como textos, fotograf\u00edas, gr\u00e1ficos, im\u00e1genes, iconos, tecnolog\u00eda, software, as\u00ed como su dise\u00f1o gr\u00e1fico y c\u00f3digos fuente, constituyen una obra cuya propiedad pertenece a MISTRAL BEACH, sin que puedan entenderse cedidos al usuario ninguno de los derechos de explotaci\u00f3n sobre los mismos m\u00e1s all\u00e1 de lo estrictamente necesario para el correcto uso de la web.<br>En definitiva, los usuarios que accedan a este sitio web pueden visualizar los contenidos y efectuar, en su caso, copias privadas autorizadas siempre que los elementos reproducidos no sean cedidos posteriormente a terceros, ni se instalen a servidores conectados a redes, ni sean objeto de ning\u00fan tipo de explotaci\u00f3n.<br>Asimismo, todas las marcas, nombres comerciales o signos distintivos de cualquier clase que aparecen en el sitio web son propiedad de MISTRAL BEACH, sin que pueda entenderse que el uso o acceso al mismo atribuya al usuario derecho alguno sobre los mismos.<br>La distribuci\u00f3n, modificaci\u00f3n, cesi\u00f3n o comunicaci\u00f3n p\u00fablica de los contenidos y cualquier otro acto que no haya sido expresamente autorizado por el titular de los derechos de explotaci\u00f3n quedan prohibidos.<br>El establecimiento de un hiperenlace no implica en ning\u00fan caso la existencia de relaciones entre MISTRAL BEACH y el propietario del sitio web en la que se establezca, ni la aceptaci\u00f3n y aprobaci\u00f3n por parte de MISTRAL BEACH de sus contenidos o servicios.<br>MISTRAL BEACH no se responsabiliza del uso que cada usuario les d\u00e9 a los materiales puestos a disposici\u00f3n en este sitio web ni de las actuaciones que realice en base a los mismos.<\/p>\n\n\n\n<p><strong>3.1 EXCLUSI\u00d3N DE GARANT\u00cdAS Y DE RESPONSABILIDAD EN EL ACCESO Y LA UTILIZACI\u00d3N<\/strong><\/p>\n\n\n\n<p>El contenido del presente sitio web es de car\u00e1cter general y tiene una finalidad meramente informativa, sin que se garantice plenamente el acceso a todos los contenidos, ni su exhaustividad, correcci\u00f3n, vigencia o actualidad, ni su idoneidad o utilidad para un objetivo espec\u00edfico.<br>MISTRAL BEACH excluye, hasta donde permite el ordenamiento jur\u00eddico, cualquier responsabilidad por los da\u00f1os y perjuicios de toda naturaleza derivados de:<br>a)La imposibilidad de acceso al sitio web o la falta de veracidad, exactitud, exhaustividad y\/oactualidad de los contenidos, as\u00ed como la existencia de vicios y defectos de toda clase de loscontenidos transmitidos, difundidos, almacenados, puestos a disposici\u00f3n a los que se haya accedido a trav\u00e9s del sitio web o de los servicios que se ofrecen.<br>b) La presencia de virus o de otros elementos en los contenidos que puedan producir alteracionesen los sistemas inform\u00e1ticos, documentos electr\u00f3nicos o datos de los usuarios.<br>c)El incumplimiento de las leyes, la buena fe, el orden p\u00fablico, los usos del tr\u00e1fico y el presente aviso legal como consecuencia del uso incorrecto del sitio web. En particular, y a modo ejemplificativo,MISTRAL BEACH no se hace responsable de las actuaciones de terceros que vulneren derechos depropiedad intelectual e industrial, secretos empresariales, derechos al honor, a la intimidadpersonal y familiar y a la propia imagen, as\u00ed como la normativa en materia de competencia deslealy publicidad il\u00edcita.<br>Asimismo, MISTRAL BEACH declina cualquier responsabilidad respecto a la informaci\u00f3n que se halle fuera de esta web y no sea gestionada directamente por nuestro webmaster. La funci\u00f3n de los links que aparecen en esta web es exclusivamente la de informar al usuario sobre la existencia de otras fuentes susceptibles de ampliar los contenidos que ofrece este sitio web. MISTRAL BEACH no garantiza ni se responsabiliza del funcionamiento o accesibilidad de los sitios enlazados; ni sugiere, invita o recomienda la visita a los mismos, por lo que tampoco ser\u00e1 responsable del resultado obtenido. MISTRAL BEACH no se responsabiliza del establecimiento de hiperv\u00ednculos por parte de terceros.<\/p>\n\n\n\n<p><strong>3.2 PROCEDIMIENTO EN CASO DE REALIZACI\u00d3N DE ACTIVIDADES DE CAR\u00c1CTER IL\u00cdCITO<\/strong><\/p>\n\n\n\n<p>En el caso de que cualquier usuario o un tercero considere que existen hechos o circunstancias que revelen el car\u00e1cter il\u00edcito de la utilizaci\u00f3n de cualquier contenido y\/o de la realizaci\u00f3n de cualquier actividad en las p\u00e1ginas web incluidas o accesibles a trav\u00e9s del sitio web, deber\u00e1 enviar una notificaci\u00f3n a MISTRAL BEACH identific\u00e1ndose debidamente y especificando las supuestas infracciones<\/p>\n","protected":false},"excerpt":{"rendered":"<p>Aviso legal 0. OBJETO El presente aviso legal regula el uso y utilizaci\u00f3n del sitio web www.mistral-beach-marbella.com\/es , del que es titular CARLOMI S.C. (en adelante, MISTRAL BEACH).La navegaci\u00f3n por el sitio web de MISTRAL BEACH le atribuye la condici\u00f3n de USUARIO del mismo y conlleva su aceptaci\u00f3n plena y sin reservas de todas y &hellip;<\/p>\n<p class=\"read-more\"> <a class=\"\" href=\"https:\/\/mistral-beach-marbella.com\/es\/aviso-legal\/\"> <span class=\"screen-reader-text\">Aviso legal<\/span> Leer m\u00e1s &raquo;<\/a><\/p>\n","protected":false},"author":1,"featured_media":0,"parent":0,"menu_order":0,"comment_status":"closed","ping_status":"closed","template":"elementor_header_footer","meta":{"site-sidebar-layout":"default","site-content-layout":"default","ast-main-header-display":"","ast-hfb-above-header-display":"","ast-hfb-below-header-display":"","ast-hfb-mobile-header-display":"","site-post-title":"","ast-breadcrumbs-content":"","ast-featured-img":"","footer-sml-layout":"","theme-transparent-header-meta":"","adv-header-id-meta":"","stick-header-meta":"","header-above-stick-meta":"","header-main-stick-meta":"","header-below-stick-meta":"","footnotes":""},"class_list":["post-149","page","type-page","status-publish","hentry"],"_links":{"self":[{"href":"https:\/\/mistral-beach-marbella.com\/es\/wp-json\/wp\/v2\/pages\/149","targetHints":{"allow":["GET"]}}],"collection":[{"href":"https:\/\/mistral-beach-marbella.com\/es\/wp-json\/wp\/v2\/pages"}],"about":[{"href":"https:\/\/mistral-beach-marbella.com\/es\/wp-json\/wp\/v2\/types\/page"}],"author":[{"embeddable":true,"href":"https:\/\/mistral-beach-marbella.com\/es\/wp-json\/wp\/v2\/users\/1"}],"replies":[{"embeddable":true,"href":"https:\/\/mistral-beach-marbella.com\/es\/wp-json\/wp\/v2\/comments?post=149"}],"version-history":[{"count":0,"href":"https:\/\/mistral-beach-marbella.com\/es\/wp-json\/wp\/v2\/pages\/149\/revisions"}],"wp:attachment":[{"href":"https:\/\/mistral-beach-marbella.com\/es\/wp-json\/wp\/v2\/media?parent=149"}],"curies":[{"name":"wp","href":"https:\/\/api.w.org\/{rel}","templated":true}]}}